{"id":1749,"date":"2021-06-15T10:00:43","date_gmt":"2021-06-15T10:00:43","guid":{"rendered":"https:\/\/www.abruzzodamare.it\/cookie-policy\/"},"modified":"2023-05-09T16:40:09","modified_gmt":"2023-05-09T16:40:09","slug":"cookie-policy","status":"publish","type":"page","link":"https:\/\/www.abruzzodamare.it\/en\/cookie-policy\/","title":{"rendered":"Cookie Policy"},"content":{"rendered":"\n<p><strong>1. COSA SONO I COOKIE<\/strong><\/p>\n\n<p>I Cookie sono piccoli aggregati di testo registrati localmente nella memoria temporanea del browser per periodi di tempo variabili in funzione dell\u2019esigenza. I Cookie assistono all\u2019erogazione del servizio in base alle finalit\u00e0 di seguito descritte.<\/p>\n\n<p><strong>2. COOKIE TECNICI E DI STATISTICA AGGREGATA<\/strong><\/p>\n\n<p>I Cookie tecnici hanno la funzione di permettere lo svolgimento di attivit\u00e0 strettamente legate al funzionamento di questo spazio online. In questi sono registrate informazioni relative alle Sue preferenze e altri dati tecnici che permettono una navigazione pi\u00f9 agevole.<\/p>\n\n<p>I cookie tecnici utilizzati da questo sito web possono essere suddivisi in:<\/p>\n\n<p>\u2022 Cookie necessari all\u2019accesso all\u2019area personale del sito (necessari per mantenere le informazioni di \u201clogin\u201d);<\/p>\n\n<p>\u2022 Cookie di navigazione, per mezzo dei quali vengono salvate le preferenze di navigazione utili per l\u2019autocompilazione di moduli e per ottimizzare l\u2019esperienza di navigazione dell\u2019Utente;<\/p>\n\n<p>\u2022 Cookie analytics per mezzo dei quali si acquisiscono informazioni statistiche in merito alle modalit\u00e0 di navigazione degli Utenti, per poterne cos\u00ec valutare e migliorare il funzionamento e per poter andare incontro ai loro bisogni.<\/p>\n\n<p>Per eseguire le funzioni analytics questo sito web utilizza il servizio Google Analytics (fornito da Google Inc.) che anonimizza i dati rendendoli non riconducibili a singoli individui.<\/p>\n\n<p>Per maggiori informazioni visiti la pagina: Cookie e Dati di utilizzo Google Analytics.<\/p>\n\n<p>Informiamo gli Utenti che \u00e8 possibile comunque bloccare completamente la raccolta di informazioni da parte del servizio Analytics su qualsiasi sito attraverso il Tool messo a disposizione de Google Inc. e scaricabile al seguente link.<\/p>\n\n<p><strong>3. COOKIE PER LA PROFILAZIONE DELL\u2019UTENTE E IL TARGETING PUBBLICITARIO<\/strong><\/p>\n\n<p>Questo sito web non utilizza in maniera diretta cookie di profilazione. Ad un primo accesso al portale non verranno, inoltre, registrati dati per la profilazione, neppure da Terzi.<\/p>\n\n<p><strong>4. INTERAZIONE CON SOCIAL NETWORK E PIATTAFORME ESTERNE<\/strong><\/p>\n\n<p>Questo sito web ospita alcuni Widget che permettono di effettuare interazioni con i social network, o con altre piattaforme esterne, direttamente dalle pagine di questo spazio online. Le interazioni e le informazioni acquisite da questo spazio online sono in ogni caso soggette alle impostazioni privacy dell\u2019Utente relative ad ogni social network\/portale esteno. E\u2019 possibile che, anche nel caso gli Utenti non utilizzino il servizio, lo stesso raccolga dati di traffico relativi alle pagine in cui i widget sono installati.<\/p>\n\n<p>Questo sito web utilizza:<\/p>\n\n<p>Google Maps (Google Inc.)<br\/>Servizio di visualizzazione di mappe stradali<\/p>\n\n<p><strong>5. GESTIONE DEI COOKIE<\/strong><\/p>\n\n<p>In aggiunta a quanto indicato in questo documento, ricordiamo che \u00e8 possibile configurare il proprio browser in modo che rifiuti tutti i cookie o segnali l\u2019eventuale invio di un cookie. Per\u00f2, \u00e8 possibile che alcuni servizi o caratteristiche dei siti web non funzionino correttamente senza cookie.<\/p>\n\n<p>Tramite le preferenze del browser \u00e8 inoltre possibile eliminare i Cookie installati in passato, incluso il Cookie in cui venga eventualmente salvato il consenso all\u2019installazione di Cookie da parte di questo sito.<\/p>\n\n<p>Puoi trovare ulteriori informazioni su come gestire i Cookie selezionando il tuo browser: Google Chrome | Mozilla Firefox | Apple Safari | Microsoft Windows Explorer | Opera<\/p>\n\n<p>Fermo restando quanto precede, il Titolare informa che l\u2019Utente pu\u00f2 avvalersi anche del servizio offerto sul sito www.youronlinechoices.com. Attraverso tale servizio \u00e8 possibile gestire le preferenze della maggior parte degli strumenti pubblicitari. Il Titolare, pertanto, consiglia agli Utenti di utilizzare tale risorsa in aggiunta alle informazioni fornite dal presente documento.<\/p>\n\n<p><strong>6. NOTE RELATIVE AI COOKIE DI TERZE PARTI<\/strong><\/p>\n\n<p>Dal momento che l\u2019installazione di Cookie e di altri sistemi di tracciamento operata da terze parti tramite i servizi utilizzati all\u2019interno di questo spazio online non pu\u00f2 essere tecnicamente controllata in maniera completa dal Titolare, ogni riferimento specifico a Cookie e sistemi di tracciamento installati da terze parti \u00e8 da considerarsi indicativo. Per ottenere informazioni complete, consulta la privacy policy degli eventuali servizi terzi elencati in questo documento.<\/p>\n\n<p><strong>7. ULTERIORI INFORMAZIONI<\/strong><\/p>\n\n<p>Il presente documento si riferisce a tutti gli spazi online (siti, piattaforme, strumenti internet, etc) di propriet\u00e0 del Titolare.<br\/>Per ottenere ulteriori informazioni in merito agli strumenti relativi ad uno specifico spazio, l\u2019Utente \u00e8 pregato di contattare il Titolare ai riferimenti forniti nel presente documento.<\/p>\n\n<p>Proseguendo nella navigazione su questo sito tramite scroll o chiudendo la fascetta informativa o facendo click in una qualsiasi parte della pagina, si accetta la Cookie Policy di questo sito web e verranno impostati e raccolti i cookie. In caso di mancata accettazione dei cookie mediante abbandono della navigazione, eventuali cookie gi\u00e0 registrati localmente nel browser rimarranno ivi registrati ma non saranno pi\u00f9 letti n\u00e9 utilizzati fino ad una successiva ed eventuale accettazione della Policy. Lei avr\u00e0 sempre la possibilit\u00e0 di rimuovere tali cookie in qualsiasi momento attraverso le modalit\u00e0 citate nel paragrafo 5.<\/p>\n","protected":false},"excerpt":{"rendered":"<p>1. COSA SONO I COOKIE I Cookie sono piccoli aggregati di testo registrati localmente nella memoria temporanea del browser per periodi di tempo variabili in funzione dell\u2019esigenza. I Cookie assistono all\u2019erogazione del servizio in base alle finalit\u00e0 di seguito descritte. &hellip; <a href=\"https:\/\/www.abruzzodamare.it\/en\/cookie-policy\/\">Read More<\/a><\/p>\n","protected":false},"author":1,"featured_media":0,"parent":0,"menu_order":0,"comment_status":"closed","ping_status":"open","template":"","meta":{"footnotes":""},"class_list":["post-1749","page","type-page","status-publish","hentry"],"yoast_head":"<!-- This site is optimized with the Yoast SEO plugin v19.9 - https:\/\/yoast.com\/wordpress\/plugins\/seo\/ -->\n<title>Cookie Policy del sito Abruzzodamare<\/title>\n<meta name=\"description\" content=\"Pagina dedicata alla Cookie Policy completa del sito Abruzzodamare\" \/>\n<meta name=\"robots\" content=\"index, follow, max-snippet:-1, max-image-preview:large, max-video-preview:-1\" \/>\n<link rel=\"canonical\" href=\"https:\/\/www.abruzzodamare.it\/en\/cookie-policy\/\" \/>\n<meta property=\"og:locale\" content=\"en_US\" \/>\n<meta property=\"og:type\" content=\"article\" \/>\n<meta property=\"og:title\" content=\"Cookie Policy del sito Abruzzodamare\" \/>\n<meta property=\"og:description\" content=\"Pagina dedicata alla Cookie Policy completa del sito Abruzzodamare\" \/>\n<meta property=\"og:url\" content=\"https:\/\/www.abruzzodamare.it\/en\/cookie-policy\/\" \/>\n<meta property=\"og:site_name\" content=\"Abruzzodamare\" \/>\n<meta property=\"article:publisher\" content=\"https:\/\/www.facebook.com\/abruzzodamare\" \/>\n<meta property=\"article:modified_time\" content=\"2023-05-09T16:40:09+00:00\" \/>\n<meta name=\"twitter:card\" content=\"summary_large_image\" \/>\n<meta name=\"twitter:label1\" content=\"Est. reading time\" \/>\n\t<meta name=\"twitter:data1\" content=\"10 minutes\" \/>\n<script type=\"application\/ld+json\" class=\"yoast-schema-graph\">{\"@context\":\"https:\/\/schema.org\",\"@graph\":[{\"@type\":\"WebPage\",\"@id\":\"https:\/\/www.abruzzodamare.it\/en\/cookie-policy\/\",\"url\":\"https:\/\/www.abruzzodamare.it\/en\/cookie-policy\/\",\"name\":\"Cookie Policy del sito Abruzzodamare\",\"isPartOf\":{\"@id\":\"https:\/\/www.abruzzodamare.it\/#website\"},\"datePublished\":\"2021-06-15T10:00:43+00:00\",\"dateModified\":\"2023-05-09T16:40:09+00:00\",\"description\":\"Pagina dedicata alla Cookie Policy completa del sito Abruzzodamare\",\"breadcrumb\":{\"@id\":\"https:\/\/www.abruzzodamare.it\/en\/cookie-policy\/#breadcrumb\"},\"inLanguage\":\"en-US\",\"potentialAction\":[{\"@type\":\"ReadAction\",\"target\":[\"https:\/\/www.abruzzodamare.it\/en\/cookie-policy\/\"]}]},{\"@type\":\"BreadcrumbList\",\"@id\":\"https:\/\/www.abruzzodamare.it\/en\/cookie-policy\/#breadcrumb\",\"itemListElement\":[{\"@type\":\"ListItem\",\"position\":1,\"name\":\"Home\",\"item\":\"https:\/\/www.abruzzodamare.it\/en\/\"},{\"@type\":\"ListItem\",\"position\":2,\"name\":\"Cookie Policy\"}]},{\"@type\":\"WebSite\",\"@id\":\"https:\/\/www.abruzzodamare.it\/#website\",\"url\":\"https:\/\/www.abruzzodamare.it\/\",\"name\":\"Abruzzodamare\",\"description\":\"Abruzzodamare\",\"publisher\":{\"@id\":\"https:\/\/www.abruzzodamare.it\/#organization\"},\"potentialAction\":[{\"@type\":\"SearchAction\",\"target\":{\"@type\":\"EntryPoint\",\"urlTemplate\":\"https:\/\/www.abruzzodamare.it\/?s={search_term_string}\"},\"query-input\":\"required name=search_term_string\"}],\"inLanguage\":\"en-US\"},{\"@type\":\"Organization\",\"@id\":\"https:\/\/www.abruzzodamare.it\/#organization\",\"name\":\"Abruzzodamare\",\"url\":\"https:\/\/www.abruzzodamare.it\/\",\"logo\":{\"@type\":\"ImageObject\",\"inLanguage\":\"en-US\",\"@id\":\"https:\/\/www.abruzzodamare.it\/#\/schema\/logo\/image\/\",\"url\":\"https:\/\/www.abruzzodamare.it\/wp-content\/uploads\/2021\/06\/cropped-ABRUZZO-DAMARE4.png\",\"contentUrl\":\"https:\/\/www.abruzzodamare.it\/wp-content\/uploads\/2021\/06\/cropped-ABRUZZO-DAMARE4.png\",\"width\":360,\"height\":160,\"caption\":\"Abruzzodamare\"},\"image\":{\"@id\":\"https:\/\/www.abruzzodamare.it\/#\/schema\/logo\/image\/\"},\"sameAs\":[\"https:\/\/www.instagram.com\/abruzzodamare\/\",\"https:\/\/www.facebook.com\/abruzzodamare\"]}]}<\/script>\n<!-- \/ Yoast SEO plugin. -->","yoast_head_json":{"title":"Cookie Policy del sito Abruzzodamare","description":"Pagina dedicata alla Cookie Policy completa del sito Abruzzodamare","robots":{"index":"index","follow":"follow","max-snippet":"max-snippet:-1","max-image-preview":"max-image-preview:large","max-video-preview":"max-video-preview:-1"},"canonical":"https:\/\/www.abruzzodamare.it\/en\/cookie-policy\/","og_locale":"en_US","og_type":"article","og_title":"Cookie Policy del sito Abruzzodamare","og_description":"Pagina dedicata alla Cookie Policy completa del sito Abruzzodamare","og_url":"https:\/\/www.abruzzodamare.it\/en\/cookie-policy\/","og_site_name":"Abruzzodamare","article_publisher":"https:\/\/www.facebook.com\/abruzzodamare","article_modified_time":"2023-05-09T16:40:09+00:00","twitter_card":"summary_large_image","twitter_misc":{"Est. reading time":"10 minutes"},"schema":{"@context":"https:\/\/schema.org","@graph":[{"@type":"WebPage","@id":"https:\/\/www.abruzzodamare.it\/en\/cookie-policy\/","url":"https:\/\/www.abruzzodamare.it\/en\/cookie-policy\/","name":"Cookie Policy del sito Abruzzodamare","isPartOf":{"@id":"https:\/\/www.abruzzodamare.it\/#website"},"datePublished":"2021-06-15T10:00:43+00:00","dateModified":"2023-05-09T16:40:09+00:00","description":"Pagina dedicata alla Cookie Policy completa del sito Abruzzodamare","breadcrumb":{"@id":"https:\/\/www.abruzzodamare.it\/en\/cookie-policy\/#breadcrumb"},"inLanguage":"en-US","potentialAction":[{"@type":"ReadAction","target":["https:\/\/www.abruzzodamare.it\/en\/cookie-policy\/"]}]},{"@type":"BreadcrumbList","@id":"https:\/\/www.abruzzodamare.it\/en\/cookie-policy\/#breadcrumb","itemListElement":[{"@type":"ListItem","position":1,"name":"Home","item":"https:\/\/www.abruzzodamare.it\/en\/"},{"@type":"ListItem","position":2,"name":"Cookie Policy"}]},{"@type":"WebSite","@id":"https:\/\/www.abruzzodamare.it\/#website","url":"https:\/\/www.abruzzodamare.it\/","name":"Abruzzodamare","description":"Abruzzodamare","publisher":{"@id":"https:\/\/www.abruzzodamare.it\/#organization"},"potentialAction":[{"@type":"SearchAction","target":{"@type":"EntryPoint","urlTemplate":"https:\/\/www.abruzzodamare.it\/?s={search_term_string}"},"query-input":"required name=search_term_string"}],"inLanguage":"en-US"},{"@type":"Organization","@id":"https:\/\/www.abruzzodamare.it\/#organization","name":"Abruzzodamare","url":"https:\/\/www.abruzzodamare.it\/","logo":{"@type":"ImageObject","inLanguage":"en-US","@id":"https:\/\/www.abruzzodamare.it\/#\/schema\/logo\/image\/","url":"https:\/\/www.abruzzodamare.it\/wp-content\/uploads\/2021\/06\/cropped-ABRUZZO-DAMARE4.png","contentUrl":"https:\/\/www.abruzzodamare.it\/wp-content\/uploads\/2021\/06\/cropped-ABRUZZO-DAMARE4.png","width":360,"height":160,"caption":"Abruzzodamare"},"image":{"@id":"https:\/\/www.abruzzodamare.it\/#\/schema\/logo\/image\/"},"sameAs":["https:\/\/www.instagram.com\/abruzzodamare\/","https:\/\/www.facebook.com\/abruzzodamare"]}]}},"_links":{"self":[{"href":"https:\/\/www.abruzzodamare.it\/en\/wp-json\/wp\/v2\/pages\/1749","targetHints":{"allow":["GET"]}}],"collection":[{"href":"https:\/\/www.abruzzodamare.it\/en\/wp-json\/wp\/v2\/pages"}],"about":[{"href":"https:\/\/www.abruzzodamare.it\/en\/wp-json\/wp\/v2\/types\/page"}],"author":[{"embeddable":true,"href":"https:\/\/www.abruzzodamare.it\/en\/wp-json\/wp\/v2\/users\/1"}],"replies":[{"embeddable":true,"href":"https:\/\/www.abruzzodamare.it\/en\/wp-json\/wp\/v2\/comments?post=1749"}],"version-history":[{"count":4,"href":"https:\/\/www.abruzzodamare.it\/en\/wp-json\/wp\/v2\/pages\/1749\/revisions"}],"predecessor-version":[{"id":2476,"href":"https:\/\/www.abruzzodamare.it\/en\/wp-json\/wp\/v2\/pages\/1749\/revisions\/2476"}],"wp:attachment":[{"href":"https:\/\/www.abruzzodamare.it\/en\/wp-json\/wp\/v2\/media?parent=1749"}],"curies":[{"name":"wp","href":"https:\/\/api.w.org\/{rel}","templated":true}]}}